{"id":1334,"date":"2019-07-22T10:08:39","date_gmt":"2019-07-22T08:08:39","guid":{"rendered":"https:\/\/decouverte-sensuelle.ch\/mentions-legales\/"},"modified":"2024-10-21T12:16:04","modified_gmt":"2024-10-21T10:16:04","slug":"impressum","status":"publish","type":"page","link":"https:\/\/decouverte-sensuelle.ch\/en\/impressum\/","title":{"rendered":"Impressum"},"content":{"rendered":"<div data-elementor-type=\"wp-page\" data-elementor-id=\"1334\" class=\"elementor elementor-1334\" data-elementor-post-type=\"page\">\n\t\t\t\t\t\t<section class=\"elementor-section elementor-top-section elementor-element elementor-element-84a639c elementor-section-height-min-height elementor-section-stretched elementor-section-content-middle elementor-section-boxed elementor-section-height-default elementor-section-items-middle\" data-id=\"84a639c\" data-element_type=\"section\" data-e-type=\"section\" data-settings=\"{&quot;background_background&quot;:&quot;classic&quot;,&quot;stretch_section&quot;:&quot;section-stretched&quot;}\">\n\t\t\t\t\t\t\t<div class=\"elementor-background-overlay\"><\/div>\n\t\t\t\t\t\t\t<div class=\"elementor-container elementor-column-gap-default\">\n\t\t\t\t\t<div class=\"elementor-column elementor-col-100 elementor-top-column elementor-element elementor-element-28efdf82 animated-slow elementor-invisible\" data-id=\"28efdf82\" data-element_type=\"column\" data-e-type=\"column\" data-settings=\"{&quot;animation&quot;:&quot;zoomIn&quot;}\">\n\t\t\t<div class=\"elementor-widget-wrap elementor-element-populated\">\n\t\t\t\t\t\t\t<\/div>\n\t\t<\/div>\n\t\t\t\t\t<\/div>\n\t\t<\/section>\n\t\t\t\t<section class=\"elementor-section elementor-top-section elementor-element elementor-element-86dc5ff elementor-section-content-middle elementor-section-stretched elementor-section-boxed elementor-section-height-default elementor-section-height-default\" data-id=\"86dc5ff\" data-element_type=\"section\" data-e-type=\"section\" data-settings=\"{&quot;stretch_section&quot;:&quot;section-stretched&quot;,&quot;background_background&quot;:&quot;classic&quot;}\">\n\t\t\t\t\t\t<div class=\"elementor-container elementor-column-gap-default\">\n\t\t\t\t\t<div class=\"elementor-column elementor-col-100 elementor-top-column elementor-element elementor-element-403befc6\" data-id=\"403befc6\" data-element_type=\"column\" data-e-type=\"column\">\n\t\t\t<div class=\"elementor-widget-wrap elementor-element-populated\">\n\t\t\t\t\t\t<div class=\"elementor-element elementor-element-1b6117a8 elementor-widget elementor-widget-image\" data-id=\"1b6117a8\" data-element_type=\"widget\" data-e-type=\"widget\" data-widget_type=\"image.default\">\n\t\t\t\t<div class=\"elementor-widget-container\">\n\t\t\t\t\t\t\t\t\t\t\t\t\t\t\t<img fetchpriority=\"high\" decoding=\"async\" width=\"750\" height=\"750\" src=\"https:\/\/decouverte-sensuelle.ch\/wp-content\/uploads\/2024\/04\/logo-decouverte-sensuelle-declinaison-PourFondSombre-2.png\" class=\"attachment-large size-large wp-image-3476\" alt=\"\" srcset=\"https:\/\/decouverte-sensuelle.ch\/wp-content\/uploads\/2024\/04\/logo-decouverte-sensuelle-declinaison-PourFondSombre-2.png 1000w, https:\/\/decouverte-sensuelle.ch\/wp-content\/uploads\/2024\/04\/logo-decouverte-sensuelle-declinaison-PourFondSombre-2-300x300.png 300w, https:\/\/decouverte-sensuelle.ch\/wp-content\/uploads\/2024\/04\/logo-decouverte-sensuelle-declinaison-PourFondSombre-2-150x150.png 150w, https:\/\/decouverte-sensuelle.ch\/wp-content\/uploads\/2024\/04\/logo-decouverte-sensuelle-declinaison-PourFondSombre-2-768x768.png 768w\" sizes=\"(max-width: 750px) 100vw, 750px\" \/>\t\t\t\t\t\t\t\t\t\t\t\t\t\t\t<\/div>\n\t\t\t\t<\/div>\n\t\t\t\t<div class=\"elementor-element elementor-element-6ee513a2 elementor-widget elementor-widget-heading\" data-id=\"6ee513a2\" data-element_type=\"widget\" data-e-type=\"widget\" data-widget_type=\"heading.default\">\n\t\t\t\t<div class=\"elementor-widget-container\">\n\t\t\t\t\t<h1 class=\"elementor-heading-title elementor-size-default\">IMPRESSUM\n<\/h1>\t\t\t\t<\/div>\n\t\t\t\t<\/div>\n\t\t\t\t<div class=\"elementor-element elementor-element-32995437 elementor-widget-divider--view-line_icon elementor-view-default elementor-widget-divider--element-align-center elementor-widget elementor-widget-divider\" data-id=\"32995437\" data-element_type=\"widget\" data-e-type=\"widget\" data-widget_type=\"divider.default\">\n\t\t\t\t<div class=\"elementor-widget-container\">\n\t\t\t\t\t\t\t<div class=\"elementor-divider\">\n\t\t\t<span class=\"elementor-divider-separator\">\n\t\t\t\t\t\t\t<div class=\"elementor-icon elementor-divider__element\">\n\t\t\t\t\t<i aria-hidden=\"true\" class=\"fab fa-telegram-plane\"><\/i><\/div>\n\t\t\t\t\t\t<\/span>\n\t\t<\/div>\n\t\t\t\t\t\t<\/div>\n\t\t\t\t<\/div>\n\t\t\t\t<div class=\"elementor-element elementor-element-2e6ee09d elementor-widget elementor-widget-text-editor\" data-id=\"2e6ee09d\" data-element_type=\"widget\" data-e-type=\"widget\" data-widget_type=\"text-editor.default\">\n\t\t\t\t<div class=\"elementor-widget-container\">\n\t\t\t\t\t\t\t\t\t<p>This site is the property of Lead4Swiss, a company located at<\/p><p>chemin de la Vend\u00e9e 26-28<\/p><p>1213<\/p><p><span style=\"font-size: inherit; color: var( --e-global-color-accent );\">Petit-Lancy<\/span><\/p><p><strong>Site Name :\u00a0<\/strong>Sensual discovery<\/p><p><strong>Director of publication :\u00a0<\/strong><span>DOROTHEA Schaab<\/span><\/p><p><strong>Email :<\/strong><\/p><p><strong style=\"text-align: start;\"><a href=\"mailto:luto.lasalle@icloud.com\" style=\"color: var( --e-global-color-52d69b91 ); transition-property: all;\"><span>decouverte.sensuelle.geneve@gmail.com<\/span><\/a><\/strong><\/p><p><b>Regional contact:<\/b><\/p><p><a href=\"tel:0041788207478\"><span><strong>0041.78.820.74.78<\/strong><\/span><\/a><\/p><p><strong>COMPANY NAME :<\/strong><\/p><p>Sensual discovery<\/p><p><strong>Accommodation :<\/strong><\/p><p><b>Administrative address :<\/b><\/p><p><span>Administrative centre<\/span><\/p><p>chemin de la Vend\u00e9e 26-28<\/p><p>1213<\/p><p>Petit-Lancy<\/p>\t\t\t\t\t\t\t\t<\/div>\n\t\t\t\t<\/div>\n\t\t\t\t\t<\/div>\n\t\t<\/div>\n\t\t\t\t\t<\/div>\n\t\t<\/section>\n\t\t\t\t<\/div>","protected":false},"excerpt":{"rendered":"<p>IMPRESSUM Le pr\u00e9sent site est la propri\u00e9t\u00e9 de Lead4Swiss, \u00e9tablissement situ\u00e9 chemin de la Vend\u00e9e 26-28 1213 Petit-Lancy Nom du Site\u00a0 :\u00a0Decouverte sensuelle Directeur de la publication :\u00a0DOROTHEA Schaab Email : decouverte.sensuelle.geneve@gmail.com Contact r\u00e9gional : 0041.78.820.74.78 NOM SOCI\u00c9T\u00c9 : Decouverte sensuelle H\u00e9bergement : Adresse administrative : Centre administratif chemin de [&hellip;]<\/p>\n","protected":false},"author":4,"featured_media":0,"parent":0,"menu_order":0,"comment_status":"closed","ping_status":"closed","template":"","meta":{"_acf_changed":false,"_glsr_average":0,"_glsr_ranking":0,"_glsr_reviews":0,"footnotes":""},"class_list":["post-1334","page","type-page","status-publish","hentry"],"acf":[],"aioseo_notices":[],"_links":{"self":[{"href":"https:\/\/decouverte-sensuelle.ch\/en\/wp-json\/wp\/v2\/pages\/1334","targetHints":{"allow":["GET"]}}],"collection":[{"href":"https:\/\/decouverte-sensuelle.ch\/en\/wp-json\/wp\/v2\/pages"}],"about":[{"href":"https:\/\/decouverte-sensuelle.ch\/en\/wp-json\/wp\/v2\/types\/page"}],"author":[{"embeddable":true,"href":"https:\/\/decouverte-sensuelle.ch\/en\/wp-json\/wp\/v2\/users\/4"}],"replies":[{"embeddable":true,"href":"https:\/\/decouverte-sensuelle.ch\/en\/wp-json\/wp\/v2\/comments?post=1334"}],"version-history":[{"count":18,"href":"https:\/\/decouverte-sensuelle.ch\/en\/wp-json\/wp\/v2\/pages\/1334\/revisions"}],"predecessor-version":[{"id":5130,"href":"https:\/\/decouverte-sensuelle.ch\/en\/wp-json\/wp\/v2\/pages\/1334\/revisions\/5130"}],"wp:attachment":[{"href":"https:\/\/decouverte-sensuelle.ch\/en\/wp-json\/wp\/v2\/media?parent=1334"}],"curies":[{"name":"wp","href":"https:\/\/api.w.org\/{rel}","templated":true}]}}