{"id":1625,"date":"2024-01-30T10:47:45","date_gmt":"2024-01-30T09:47:45","guid":{"rendered":"https:\/\/decouverte-sensuelle.ch\/?page_id=1625"},"modified":"2024-04-22T17:31:39","modified_gmt":"2024-04-22T15:31:39","slug":"notre-philosophie","status":"publish","type":"page","link":"https:\/\/decouverte-sensuelle.ch\/en\/notre-philosophie\/","title":{"rendered":"Our philosophy"},"content":{"rendered":"<div data-elementor-type=\"wp-page\" data-elementor-id=\"1625\" class=\"elementor elementor-1625\" data-elementor-post-type=\"page\">\n\t\t\t\t\t\t<section class=\"elementor-section elementor-top-section elementor-element elementor-element-9f7e8ce elementor-section-stretched elementor-section-height-min-height elementor-section-boxed elementor-section-height-default elementor-section-items-middle\" data-id=\"9f7e8ce\" data-element_type=\"section\" data-e-type=\"section\" data-settings=\"{&quot;stretch_section&quot;:&quot;section-stretched&quot;,&quot;background_background&quot;:&quot;classic&quot;}\">\n\t\t\t\t\t\t\t<div class=\"elementor-background-overlay\"><\/div>\n\t\t\t\t\t\t\t<div class=\"elementor-container elementor-column-gap-default\">\n\t\t\t\t\t<div class=\"elementor-column elementor-col-100 elementor-top-column elementor-element elementor-element-1e15dda\" data-id=\"1e15dda\" data-element_type=\"column\" data-e-type=\"column\">\n\t\t\t<div class=\"elementor-widget-wrap elementor-element-populated\">\n\t\t\t\t\t\t<div class=\"elementor-element elementor-element-f5aa771 elementor-widget elementor-widget-text-editor\" data-id=\"f5aa771\" data-element_type=\"widget\" data-e-type=\"widget\" data-widget_type=\"text-editor.default\">\n\t\t\t\t<div class=\"elementor-widget-container\">\n\t\t\t\t\t\t\t\t\t<p>Discover our philosophy and find out more about La D\u00e9couverte Sensuelle.<\/p>\t\t\t\t\t\t\t\t<\/div>\n\t\t\t\t<\/div>\n\t\t\t\t\t<\/div>\n\t\t<\/div>\n\t\t\t\t\t<\/div>\n\t\t<\/section>\n\t\t\t\t<section class=\"elementor-section elementor-top-section elementor-element elementor-element-92c406a elementor-section-stretched elementor-section-boxed elementor-section-height-default elementor-section-height-default\" data-id=\"92c406a\" data-element_type=\"section\" data-e-type=\"section\" data-settings=\"{&quot;stretch_section&quot;:&quot;section-stretched&quot;,&quot;background_background&quot;:&quot;classic&quot;}\">\n\t\t\t\t\t\t<div class=\"elementor-container elementor-column-gap-default\">\n\t\t\t\t\t<div class=\"elementor-column elementor-col-100 elementor-top-column elementor-element elementor-element-7a171332\" data-id=\"7a171332\" data-element_type=\"column\" data-e-type=\"column\">\n\t\t\t<div class=\"elementor-widget-wrap elementor-element-populated\">\n\t\t\t\t\t\t<div class=\"elementor-element elementor-element-5f59f9ca elementor-widget elementor-widget-text-editor\" data-id=\"5f59f9ca\" data-element_type=\"widget\" data-e-type=\"widget\" data-widget_type=\"text-editor.default\">\n\t\t\t\t<div class=\"elementor-widget-container\">\n\t\t\t\t\t\t\t\t\t<p>Our massages are dedicated to the personal fulfilment of our customers, helping them to discover new approaches to pleasure, to regenerate and refocus in a spirit of trust, mutual consent, dialogue and kindness. We do not provide sexual services, although our massages are very close and intimate. A prerequisite is a receptive attitude on the part of the client, who understands our work and gives themselves into our hands.<\/p><p>Our openness ensures a non-judgemental welcome for all individuals, regardless of their sexual orientation or gender, whether heterosexual, homosexual, transsexual, transgender or inter-gender, with no restrictions whatsoever. Naturally, we also welcome people with disabilities, but we need to check beforehand that the premises are accessible. You are welcome, whatever your age or physical condition, to explore new paths of sensuality, free from the obligation of sexual performance. We take the time for you.<\/p><p>Our team spirit ensures that you will be able to meet each of our professionals in a relaxed atmosphere, so that you can enjoy the full range of their talents in free flow. To ensure the exceptional quality of our Massage Centre, we use environmentally-friendly, neutral products such as oils, creams and soaps. Our team scrupulously ensures the cleanliness of the premises and the equipment available. We follow ongoing training courses to perfect our skills, and to give our customers every guarantee of professional work and enhanced knowledge.<\/p>\t\t\t\t\t\t\t\t<\/div>\n\t\t\t\t<\/div>\n\t\t\t\t\t<\/div>\n\t\t<\/div>\n\t\t\t\t\t<\/div>\n\t\t<\/section>\n\t\t\t\t<section class=\"elementor-section elementor-top-section elementor-element elementor-element-13a7ae99 elementor-section-stretched elementor-section-content-middle elementor-section-boxed elementor-section-height-default elementor-section-height-default\" data-id=\"13a7ae99\" data-element_type=\"section\" data-e-type=\"section\" data-settings=\"{&quot;stretch_section&quot;:&quot;section-stretched&quot;,&quot;background_background&quot;:&quot;classic&quot;}\">\n\t\t\t\t\t\t<div class=\"elementor-container elementor-column-gap-default\">\n\t\t\t\t\t<div class=\"elementor-column elementor-col-100 elementor-top-column elementor-element elementor-element-3c27e70b\" data-id=\"3c27e70b\" data-element_type=\"column\" data-e-type=\"column\">\n\t\t\t<div class=\"elementor-widget-wrap elementor-element-populated\">\n\t\t\t\t\t\t<div class=\"elementor-element elementor-element-faefd81 elementor-widget elementor-widget-menu-anchor\" data-id=\"faefd81\" data-element_type=\"widget\" data-e-type=\"widget\" data-widget_type=\"menu-anchor.default\">\n\t\t\t\t<div class=\"elementor-widget-container\">\n\t\t\t\t\t\t\t<div class=\"elementor-menu-anchor\" id=\"massage_Tantrique\"><\/div>\n\t\t\t\t\t\t<\/div>\n\t\t\t\t<\/div>\n\t\t\t\t\t<\/div>\n\t\t<\/div>\n\t\t\t\t\t<\/div>\n\t\t<\/section>\n\t\t\t\t<section class=\"elementor-section elementor-top-section elementor-element elementor-element-fb55ace elementor-section-stretched elementor-section-content-middle elementor-section-boxed elementor-section-height-default elementor-section-height-default\" data-id=\"fb55ace\" data-element_type=\"section\" data-e-type=\"section\" data-settings=\"{&quot;stretch_section&quot;:&quot;section-stretched&quot;,&quot;background_background&quot;:&quot;classic&quot;}\">\n\t\t\t\t\t\t<div class=\"elementor-container elementor-column-gap-default\">\n\t\t\t\t\t<div class=\"elementor-column elementor-col-50 elementor-top-column elementor-element elementor-element-9035d6a\" data-id=\"9035d6a\" data-element_type=\"column\" data-e-type=\"column\">\n\t\t\t<div class=\"elementor-widget-wrap elementor-element-populated\">\n\t\t\t\t\t\t<div class=\"elementor-element elementor-element-9c63368 elementor-widget elementor-widget-heading\" data-id=\"9c63368\" data-element_type=\"widget\" data-e-type=\"widget\" data-widget_type=\"heading.default\">\n\t\t\t\t<div class=\"elementor-widget-container\">\n\t\t\t\t\t<h2 class=\"elementor-heading-title elementor-size-default\">The benefits<br> tantric massage<\/h2>\t\t\t\t<\/div>\n\t\t\t\t<\/div>\n\t\t\t\t<div class=\"elementor-element elementor-element-06f1e5a elementor-widget-divider--view-line elementor-widget elementor-widget-divider\" data-id=\"06f1e5a\" data-element_type=\"widget\" data-e-type=\"widget\" data-widget_type=\"divider.default\">\n\t\t\t\t<div class=\"elementor-widget-container\">\n\t\t\t\t\t\t\t<div class=\"elementor-divider\">\n\t\t\t<span class=\"elementor-divider-separator\">\n\t\t\t\t\t\t<\/span>\n\t\t<\/div>\n\t\t\t\t\t\t<\/div>\n\t\t\t\t<\/div>\n\t\t\t\t\t<\/div>\n\t\t<\/div>\n\t\t\t\t<div class=\"elementor-column elementor-col-50 elementor-top-column elementor-element elementor-element-d144ce9\" data-id=\"d144ce9\" data-element_type=\"column\" data-e-type=\"column\">\n\t\t\t<div class=\"elementor-widget-wrap elementor-element-populated\">\n\t\t\t\t\t\t<div class=\"elementor-element elementor-element-1876459 elementor-widget elementor-widget-text-editor\" data-id=\"1876459\" data-element_type=\"widget\" data-e-type=\"widget\" data-widget_type=\"text-editor.default\">\n\t\t\t\t<div class=\"elementor-widget-container\">\n\t\t\t\t\t\t\t\t\t<p>An important contribution of Tantric massage is that it allows the person being massaged to turn towards the interior of their own body, as a whole. They benefit from the relaxing effect of the massage. When the energy and pleasure spread throughout the body, it brings a deep sense of well-being. It's a way of recharging and reinvigorating the body, as well as refocusing and boosting self-esteem. The touches of tantric massage can be very different, synonymous with gentleness, depth, energy, sensuality and fire. They can be enveloping, refreshing, stimulating or calming. The list is not exhaustive, depending on the creativity of the person giving the massage. The person being massaged can refine their receptivity. They can vibrate, channel their energies, open their hearts to intense emotions, feel mothered, cradled, or simply accompanied on this journey of trust. Feeling alive, and that's what's essential.<\/p><p>If you are receptive, and you receive tantric massages, you change your relationship with others in everyday life, and in your intimate relationships. You take a different look at the way you approach your partner, whether it's for a simple caress, or to love them. You know from experience the benefits of slow, intense gestures. You know better how to read each other's bodies, how to be patient so as to give better, and how to achieve a symbiotic relationship.<\/p><p>Tantric massage can be divine and enhance your life.<\/p>\t\t\t\t\t\t\t\t<\/div>\n\t\t\t\t<\/div>\n\t\t\t\t\t<\/div>\n\t\t<\/div>\n\t\t\t\t\t<\/div>\n\t\t<\/section>\n\t\t\t\t<section class=\"elementor-section elementor-top-section elementor-element elementor-element-2d4bdeb elementor-section-stretched elementor-section-content-middle elementor-section-boxed elementor-section-height-default elementor-section-height-default\" data-id=\"2d4bdeb\" data-element_type=\"section\" data-e-type=\"section\" data-settings=\"{&quot;stretch_section&quot;:&quot;section-stretched&quot;,&quot;background_background&quot;:&quot;classic&quot;}\">\n\t\t\t\t\t\t<div class=\"elementor-container elementor-column-gap-default\">\n\t\t\t\t\t<div class=\"elementor-column elementor-col-100 elementor-top-column elementor-element elementor-element-ab799dd\" data-id=\"ab799dd\" data-element_type=\"column\" data-e-type=\"column\">\n\t\t\t<div class=\"elementor-widget-wrap elementor-element-populated\">\n\t\t\t\t\t\t<div class=\"elementor-element elementor-element-a173b42 elementor-widget elementor-widget-menu-anchor\" data-id=\"a173b42\" data-element_type=\"widget\" data-e-type=\"widget\" data-widget_type=\"menu-anchor.default\">\n\t\t\t\t<div class=\"elementor-widget-container\">\n\t\t\t\t\t\t\t<div class=\"elementor-menu-anchor\" id=\"seance\"><\/div>\n\t\t\t\t\t\t<\/div>\n\t\t\t\t<\/div>\n\t\t\t\t\t<\/div>\n\t\t<\/div>\n\t\t\t\t\t<\/div>\n\t\t<\/section>\n\t\t\t\t<section class=\"elementor-section elementor-top-section elementor-element elementor-element-3ea6acc elementor-section-stretched elementor-section-content-middle elementor-section-boxed elementor-section-height-default elementor-section-height-default\" data-id=\"3ea6acc\" data-element_type=\"section\" data-e-type=\"section\" data-settings=\"{&quot;stretch_section&quot;:&quot;section-stretched&quot;,&quot;background_background&quot;:&quot;classic&quot;}\">\n\t\t\t\t\t\t<div class=\"elementor-container elementor-column-gap-default\">\n\t\t\t\t\t<div class=\"elementor-column elementor-col-50 elementor-top-column elementor-element elementor-element-bf62288\" data-id=\"bf62288\" data-element_type=\"column\" data-e-type=\"column\">\n\t\t\t<div class=\"elementor-widget-wrap elementor-element-populated\">\n\t\t\t\t\t\t<div class=\"elementor-element elementor-element-41f2c78 elementor-widget elementor-widget-heading\" data-id=\"41f2c78\" data-element_type=\"widget\" data-e-type=\"widget\" data-widget_type=\"heading.default\">\n\t\t\t\t<div class=\"elementor-widget-container\">\n\t\t\t\t\t<h2 class=\"elementor-heading-title elementor-size-default\">How does a session work?<\/h2>\t\t\t\t<\/div>\n\t\t\t\t<\/div>\n\t\t\t\t<div class=\"elementor-element elementor-element-641d773 elementor-widget-divider--view-line elementor-widget elementor-widget-divider\" data-id=\"641d773\" data-element_type=\"widget\" data-e-type=\"widget\" data-widget_type=\"divider.default\">\n\t\t\t\t<div class=\"elementor-widget-container\">\n\t\t\t\t\t\t\t<div class=\"elementor-divider\">\n\t\t\t<span class=\"elementor-divider-separator\">\n\t\t\t\t\t\t<\/span>\n\t\t<\/div>\n\t\t\t\t\t\t<\/div>\n\t\t\t\t<\/div>\n\t\t\t\t\t<\/div>\n\t\t<\/div>\n\t\t\t\t<div class=\"elementor-column elementor-col-50 elementor-top-column elementor-element elementor-element-3e893e3\" data-id=\"3e893e3\" data-element_type=\"column\" data-e-type=\"column\">\n\t\t\t<div class=\"elementor-widget-wrap elementor-element-populated\">\n\t\t\t\t\t\t<div class=\"elementor-element elementor-element-d64e691 elementor-widget elementor-widget-text-editor\" data-id=\"d64e691\" data-element_type=\"widget\" data-e-type=\"widget\" data-widget_type=\"text-editor.default\">\n\t\t\t\t<div class=\"elementor-widget-container\">\n\t\t\t\t\t\t\t\t\t<p>We welcome you by appointment.<\/p><p>First of all, we're going to look at what brings you to us, to find out more about your needs, desires and ideas about Tantra. If you don't yet know what type of massage to choose, we can decide that together.<\/p><p>Now you can take a shower and put on a pareo that covers you for the first few minutes. The sarong-covered masseuse (or masseur) begins with a connection ritual to take you away from everyday life and bring you back to yourself and the present moment. This encourages trust and letting go, and shared nudity will follow naturally and sincerely.<\/p><p>Throughout the massage we guide you and are guided by body language, we bring relaxation, sensuality and the flow of sexual energy, your whole body will be touched and massaged carefully, intimate parts are a natural part of it. Orgasm and ejaculation are welcome, but not a goal in themselves. It is the body that guides us and that takes pleasure in a thousand ways to be discovered.<\/p><p>At the end of the massage, take a moment to integrate what you have felt. Take a shower if you wish. To ensure that the session takes place in a relaxed atmosphere, allow an additional 20 to 30 minutes to the duration of the massage.<\/p><p>You'll leave recharged and full of new discoveries.<\/p>\t\t\t\t\t\t\t\t<\/div>\n\t\t\t\t<\/div>\n\t\t\t\t\t<\/div>\n\t\t<\/div>\n\t\t\t\t\t<\/div>\n\t\t<\/section>\n\t\t\t\t<section class=\"elementor-section elementor-top-section elementor-element elementor-element-cb4432f elementor-section-height-min-height elementor-section-stretched elementor-section-boxed elementor-section-height-default elementor-section-items-middle\" data-id=\"cb4432f\" data-element_type=\"section\" data-e-type=\"section\" data-settings=\"{&quot;background_background&quot;:&quot;classic&quot;,&quot;stretch_section&quot;:&quot;section-stretched&quot;}\">\n\t\t\t\t\t\t\t<div class=\"elementor-background-overlay\"><\/div>\n\t\t\t\t\t\t\t<div class=\"elementor-container elementor-column-gap-default\">\n\t\t\t\t\t<div class=\"elementor-column elementor-col-100 elementor-top-column elementor-element elementor-element-6bd701a\" data-id=\"6bd701a\" data-element_type=\"column\" data-e-type=\"column\">\n\t\t\t<div class=\"elementor-widget-wrap elementor-element-populated\">\n\t\t\t\t\t\t<div class=\"elementor-element elementor-element-3743cb2 elementor-widget elementor-widget-heading\" data-id=\"3743cb2\" data-element_type=\"widget\" data-e-type=\"widget\" data-widget_type=\"heading.default\">\n\t\t\t\t<div class=\"elementor-widget-container\">\n\t\t\t\t\t<span class=\"elementor-heading-title elementor-size-default\">Do you still have questions?<\/span>\t\t\t\t<\/div>\n\t\t\t\t<\/div>\n\t\t\t\t<div class=\"elementor-element elementor-element-dee8130 elementor-widget elementor-widget-text-editor\" data-id=\"dee8130\" data-element_type=\"widget\" data-e-type=\"widget\" data-widget_type=\"text-editor.default\">\n\t\t\t\t<div class=\"elementor-widget-container\">\n\t\t\t\t\t\t\t\t\t<p>We look forward to hearing from you!<\/p>\t\t\t\t\t\t\t\t<\/div>\n\t\t\t\t<\/div>\n\t\t\t\t<div class=\"elementor-element elementor-element-69db430 elementor-align-center elementor-widget elementor-widget-button\" data-id=\"69db430\" data-element_type=\"widget\" data-e-type=\"widget\" data-widget_type=\"button.default\">\n\t\t\t\t<div class=\"elementor-widget-container\">\n\t\t\t\t\t\t\t\t\t<div class=\"elementor-button-wrapper\">\n\t\t\t\t\t<a class=\"elementor-button elementor-button-link elementor-size-md elementor-animation-bob\" href=\"https:\/\/decouverte-sensuelle.ch\/en\/contact\/\">\n\t\t\t\t\t\t<span class=\"elementor-button-content-wrapper\">\n\t\t\t\t\t\t\t\t\t<span class=\"elementor-button-text\">CONTACT US<\/span>\n\t\t\t\t\t<\/span>\n\t\t\t\t\t<\/a>\n\t\t\t\t<\/div>\n\t\t\t\t\t\t\t\t<\/div>\n\t\t\t\t<\/div>\n\t\t\t\t\t<\/div>\n\t\t<\/div>\n\t\t\t\t\t<\/div>\n\t\t<\/section>\n\t\t\t\t<\/div>","protected":false},"excerpt":{"rendered":"<p>D\u00e9couvrez notre philosophie, et apprenez en plus sur La D\u00e9couverte Sensuelle. Nos massages sont d\u00e9di\u00e9s \u00e0 l\u2019\u00e9panouissement personnel de notre client\u00e8le, pour la d\u00e9couverte de nouvelles approches du plaisir, pour se r\u00e9g\u00e9n\u00e9rer et se recentrer dans la confiance, le consentement mutuel, le dialogue et la bienveillance. Nous ne fournissons pas [&hellip;]<\/p>\n","protected":false},"author":27,"featured_media":0,"parent":0,"menu_order":0,"comment_status":"closed","ping_status":"closed","template":"page-templates\/template-pagebuilder-full-width.php","meta":{"_acf_changed":false,"_glsr_average":0,"_glsr_ranking":0,"_glsr_reviews":0,"footnotes":""},"class_list":["post-1625","page","type-page","status-publish","hentry"],"acf":[],"aioseo_notices":[],"_links":{"self":[{"href":"https:\/\/decouverte-sensuelle.ch\/en\/wp-json\/wp\/v2\/pages\/1625","targetHints":{"allow":["GET"]}}],"collection":[{"href":"https:\/\/decouverte-sensuelle.ch\/en\/wp-json\/wp\/v2\/pages"}],"about":[{"href":"https:\/\/decouverte-sensuelle.ch\/en\/wp-json\/wp\/v2\/types\/page"}],"author":[{"embeddable":true,"href":"https:\/\/decouverte-sensuelle.ch\/en\/wp-json\/wp\/v2\/users\/27"}],"replies":[{"embeddable":true,"href":"https:\/\/decouverte-sensuelle.ch\/en\/wp-json\/wp\/v2\/comments?post=1625"}],"version-history":[{"count":76,"href":"https:\/\/decouverte-sensuelle.ch\/en\/wp-json\/wp\/v2\/pages\/1625\/revisions"}],"predecessor-version":[{"id":4334,"href":"https:\/\/decouverte-sensuelle.ch\/en\/wp-json\/wp\/v2\/pages\/1625\/revisions\/4334"}],"wp:attachment":[{"href":"https:\/\/decouverte-sensuelle.ch\/en\/wp-json\/wp\/v2\/media?parent=1625"}],"curies":[{"name":"wp","href":"https:\/\/api.w.org\/{rel}","templated":true}]}}