{"id":1627,"date":"2024-01-30T10:50:11","date_gmt":"2024-01-30T09:50:11","guid":{"rendered":"https:\/\/decouverte-sensuelle.ch\/?page_id=1627"},"modified":"2026-03-27T12:19:06","modified_gmt":"2026-03-27T11:19:06","slug":"posts","status":"publish","type":"page","link":"https:\/\/decouverte-sensuelle.ch\/en\/posts\/","title":{"rendered":"Actualit\u00e9s"},"content":{"rendered":"<div data-elementor-type=\"wp-page\" data-elementor-id=\"1627\" class=\"elementor elementor-1627\" data-elementor-post-type=\"page\">\n\t\t\t\t\t\t<section class=\"elementor-section elementor-top-section elementor-element elementor-element-e4c2ad9 elementor-section-stretched elementor-section-height-min-height elementor-section-boxed elementor-section-height-default elementor-section-items-middle\" data-id=\"e4c2ad9\" data-element_type=\"section\" data-e-type=\"section\" data-settings=\"{&quot;stretch_section&quot;:&quot;section-stretched&quot;,&quot;background_background&quot;:&quot;classic&quot;}\">\n\t\t\t\t\t\t\t<div class=\"elementor-background-overlay\"><\/div>\n\t\t\t\t\t\t\t<div class=\"elementor-container elementor-column-gap-default\">\n\t\t\t\t\t<div class=\"elementor-column elementor-col-100 elementor-top-column elementor-element elementor-element-e40598c\" data-id=\"e40598c\" data-element_type=\"column\" data-e-type=\"column\">\n\t\t\t<div class=\"elementor-widget-wrap elementor-element-populated\">\n\t\t\t\t\t\t<div class=\"elementor-element elementor-element-e70d894 elementor-widget elementor-widget-text-editor\" data-id=\"e70d894\" data-element_type=\"widget\" data-e-type=\"widget\" data-widget_type=\"text-editor.default\">\n\t\t\t\t<div class=\"elementor-widget-container\">\n\t\t\t\t\t\t\t\t\tFollow all the news from the La D\u00e9couverte Sensuelle massage centre\t\t\t\t\t\t\t\t<\/div>\n\t\t\t\t<\/div>\n\t\t\t\t\t<\/div>\n\t\t<\/div>\n\t\t\t\t\t<\/div>\n\t\t<\/section>\n\t\t\t\t<section class=\"elementor-section elementor-top-section elementor-element elementor-element-30e8c24 elementor-section-stretched elementor-section-boxed elementor-section-height-default elementor-section-height-default\" data-id=\"30e8c24\" data-element_type=\"section\" data-e-type=\"section\" data-settings=\"{&quot;stretch_section&quot;:&quot;section-stretched&quot;,&quot;background_background&quot;:&quot;classic&quot;}\">\n\t\t\t\t\t\t<div class=\"elementor-container elementor-column-gap-default\">\n\t\t\t\t\t<div class=\"elementor-column elementor-col-100 elementor-top-column elementor-element elementor-element-01bc374\" data-id=\"01bc374\" data-element_type=\"column\" data-e-type=\"column\">\n\t\t\t<div class=\"elementor-widget-wrap elementor-element-populated\">\n\t\t\t\t\t\t<section class=\"elementor-section elementor-inner-section elementor-element elementor-element-6744417 elementor-section-full_width elementor-section-height-default elementor-section-height-default\" data-id=\"6744417\" data-element_type=\"section\" data-e-type=\"section\">\n\t\t\t\t\t\t<div class=\"elementor-container elementor-column-gap-default\">\n\t\t\t\t\t<div class=\"elementor-column elementor-col-100 elementor-inner-column elementor-element elementor-element-53901a0\" data-id=\"53901a0\" data-element_type=\"column\" data-e-type=\"column\">\n\t\t\t<div class=\"elementor-widget-wrap elementor-element-populated\">\n\t\t\t\t\t\t<div class=\"elementor-element elementor-element-1db871a elementor-widget elementor-widget-obfx-posts-grid\" data-id=\"1db871a\" data-element_type=\"widget\" data-e-type=\"widget\" data-widget_type=\"obfx-posts-grid.default\">\n\t\t\t\t<div class=\"elementor-widget-container\">\n\t\t\t\t\t<div class=\"obfx-grid\"><div class=\"obfx-grid-container obfx-grid-mobile-1 obfx-grid-desktop-3\"><div class=\"obfx-grid-wrapper\"><article class=\"obfx-grid-col\"><div class=\"obfx-grid-col-image\" style=\"\"><a href=\"https:\/\/decouverte-sensuelle.ch\/en\/2026\/04\/03\/paques\/\" title=\"P\u00e2ques\"><img fetchpriority=\"high\" decoding=\"async\" width=\"2560\" height=\"1918\" src=\"https:\/\/decouverte-sensuelle.ch\/wp-content\/uploads\/2026\/04\/ma-photo-1-scaled.jpg\" class=\"img-responsive wp-post-image\" alt=\"ma-photo-1\" srcset=\"https:\/\/decouverte-sensuelle.ch\/wp-content\/uploads\/2026\/04\/ma-photo-1-scaled.jpg 2560w, https:\/\/decouverte-sensuelle.ch\/wp-content\/uploads\/2026\/04\/ma-photo-1-300x225.jpg 300w, https:\/\/decouverte-sensuelle.ch\/wp-content\/uploads\/2026\/04\/ma-photo-1-1024x767.jpg 1024w, https:\/\/decouverte-sensuelle.ch\/wp-content\/uploads\/2026\/04\/ma-photo-1-768x575.jpg 768w, https:\/\/decouverte-sensuelle.ch\/wp-content\/uploads\/2026\/04\/ma-photo-1-1536x1151.jpg 1536w, https:\/\/decouverte-sensuelle.ch\/wp-content\/uploads\/2026\/04\/ma-photo-1-2048x1534.jpg 2048w, https:\/\/decouverte-sensuelle.ch\/wp-content\/uploads\/2026\/04\/ma-photo-1-16x12.jpg 16w, https:\/\/decouverte-sensuelle.ch\/wp-content\/uploads\/2026\/04\/ma-photo-1-1320x989.jpg 1320w\" sizes=\"(max-width: 2560px) 100vw, 2560px\" \/><\/a><\/div><div class=\"obfx-grid-col-content\">\t\t\t<h1 class=\"entry-title obfx-grid-title\">\n\t\t\t\t\t\t\t<a href=\"https:\/\/decouverte-sensuelle.ch\/en\/2026\/04\/03\/paques\/\" title=\"P\u00e2ques\">\n\t\t\t\t\tP\u00e2ques\t\t\t\t<\/a>\n\t\t\t\t\t\t\t<\/h1>\n\t\t\t\t\t\t\t<div class=\"entry-meta obfx-grid-meta\">\n\n\t\t\t\t\t\t\t\t\t\t\t\t\t<span class=\"obfx-grid-date\">\n\t\t\t\t\t\t\t\t\t<i class=\"fas fa-calendar\"><\/i>03\/04\/2026\t\t\t\t\t\t\t\t<\/span>\n\t\t\t\t\t\t\t\t\n\t\t\t\t<\/div>\n\t\t\t\t<\/div><\/article><\/div><div class=\"obfx-grid-wrapper\"><article class=\"obfx-grid-col\"><div class=\"obfx-grid-col-image\" style=\"\"><a href=\"https:\/\/decouverte-sensuelle.ch\/en\/2026\/02\/05\/la-saint-valentin\/\" title=\"La Saint Valentin\"><img decoding=\"async\" width=\"1685\" height=\"2030\" src=\"https:\/\/decouverte-sensuelle.ch\/wp-content\/uploads\/2026\/02\/ma-photo-scaled-e1770290034453.jpg\" class=\"img-responsive wp-post-image\" alt=\"ma-photo\" srcset=\"https:\/\/decouverte-sensuelle.ch\/wp-content\/uploads\/2026\/02\/ma-photo-scaled-e1770290034453.jpg 1685w, https:\/\/decouverte-sensuelle.ch\/wp-content\/uploads\/2026\/02\/ma-photo-scaled-e1770290034453-249x300.jpg 249w, https:\/\/decouverte-sensuelle.ch\/wp-content\/uploads\/2026\/02\/ma-photo-scaled-e1770290034453-850x1024.jpg 850w, https:\/\/decouverte-sensuelle.ch\/wp-content\/uploads\/2026\/02\/ma-photo-scaled-e1770290034453-768x925.jpg 768w, https:\/\/decouverte-sensuelle.ch\/wp-content\/uploads\/2026\/02\/ma-photo-scaled-e1770290034453-1275x1536.jpg 1275w, https:\/\/decouverte-sensuelle.ch\/wp-content\/uploads\/2026\/02\/ma-photo-scaled-e1770290034453-10x12.jpg 10w, https:\/\/decouverte-sensuelle.ch\/wp-content\/uploads\/2026\/02\/ma-photo-scaled-e1770290034453-1320x1590.jpg 1320w\" sizes=\"(max-width: 1685px) 100vw, 1685px\" \/><\/a><\/div><div class=\"obfx-grid-col-content\">\t\t\t<h1 class=\"entry-title obfx-grid-title\">\n\t\t\t\t\t\t\t<a href=\"https:\/\/decouverte-sensuelle.ch\/en\/2026\/02\/05\/la-saint-valentin\/\" title=\"La Saint Valentin\">\n\t\t\t\t\tLa Saint Valentin\t\t\t\t<\/a>\n\t\t\t\t\t\t\t<\/h1>\n\t\t\t\t\t\t\t<div class=\"entry-meta obfx-grid-meta\">\n\n\t\t\t\t\t\t\t\t\t\t\t\t\t<span class=\"obfx-grid-date\">\n\t\t\t\t\t\t\t\t\t<i class=\"fas fa-calendar\"><\/i>05\/02\/2026\t\t\t\t\t\t\t\t<\/span>\n\t\t\t\t\t\t\t\t\n\t\t\t\t<\/div>\n\t\t\t\t<\/div><\/article><\/div><div class=\"obfx-grid-wrapper\"><article class=\"obfx-grid-col\"><div class=\"obfx-grid-col-image\" style=\"\"><a href=\"https:\/\/decouverte-sensuelle.ch\/en\/2026\/01\/13\/en-hiver\/\" title=\"En hiver\"><img decoding=\"async\" width=\"1920\" height=\"2560\" src=\"https:\/\/decouverte-sensuelle.ch\/wp-content\/uploads\/2026\/01\/ma-photo-1-scaled.jpg\" class=\"img-responsive wp-post-image\" alt=\"ma-photo-1\" srcset=\"https:\/\/decouverte-sensuelle.ch\/wp-content\/uploads\/2026\/01\/ma-photo-1-scaled.jpg 1920w, https:\/\/decouverte-sensuelle.ch\/wp-content\/uploads\/2026\/01\/ma-photo-1-225x300.jpg 225w, https:\/\/decouverte-sensuelle.ch\/wp-content\/uploads\/2026\/01\/ma-photo-1-768x1024.jpg 768w, https:\/\/decouverte-sensuelle.ch\/wp-content\/uploads\/2026\/01\/ma-photo-1-1152x1536.jpg 1152w, https:\/\/decouverte-sensuelle.ch\/wp-content\/uploads\/2026\/01\/ma-photo-1-1536x2048.jpg 1536w, https:\/\/decouverte-sensuelle.ch\/wp-content\/uploads\/2026\/01\/ma-photo-1-9x12.jpg 9w, https:\/\/decouverte-sensuelle.ch\/wp-content\/uploads\/2026\/01\/ma-photo-1-1320x1760.jpg 1320w\" sizes=\"(max-width: 1920px) 100vw, 1920px\" \/><\/a><\/div><div class=\"obfx-grid-col-content\">\t\t\t<h1 class=\"entry-title obfx-grid-title\">\n\t\t\t\t\t\t\t<a href=\"https:\/\/decouverte-sensuelle.ch\/en\/2026\/01\/13\/en-hiver\/\" title=\"En hiver\">\n\t\t\t\t\tEn hiver\t\t\t\t<\/a>\n\t\t\t\t\t\t\t<\/h1>\n\t\t\t\t\t\t\t<div class=\"entry-meta obfx-grid-meta\">\n\n\t\t\t\t\t\t\t\t\t\t\t\t\t<span class=\"obfx-grid-date\">\n\t\t\t\t\t\t\t\t\t<i class=\"fas fa-calendar\"><\/i>13\/01\/2026\t\t\t\t\t\t\t\t<\/span>\n\t\t\t\t\t\t\t\t\n\t\t\t\t<\/div>\n\t\t\t\t<\/div><\/article><\/div><div class=\"obfx-grid-wrapper\"><article class=\"obfx-grid-col\"><div class=\"obfx-grid-col-image\" style=\"\"><a href=\"https:\/\/decouverte-sensuelle.ch\/en\/2026\/01\/02\/bonne-annee-2026\/\" title=\"Bonne ann\u00e9e 2026\"><img loading=\"lazy\" decoding=\"async\" width=\"1620\" height=\"1080\" src=\"https:\/\/decouverte-sensuelle.ch\/wp-content\/uploads\/2024\/01\/massCO-95-Copier-Copie-1.jpg\" class=\"img-responsive wp-post-image\" alt=\"massCO-95-Copier-Copie.jpg\" srcset=\"https:\/\/decouverte-sensuelle.ch\/wp-content\/uploads\/2024\/01\/massCO-95-Copier-Copie-1.jpg 1620w, https:\/\/decouverte-sensuelle.ch\/wp-content\/uploads\/2024\/01\/massCO-95-Copier-Copie-1-300x200.jpg 300w, https:\/\/decouverte-sensuelle.ch\/wp-content\/uploads\/2024\/01\/massCO-95-Copier-Copie-1-1024x683.jpg 1024w, https:\/\/decouverte-sensuelle.ch\/wp-content\/uploads\/2024\/01\/massCO-95-Copier-Copie-1-768x512.jpg 768w, https:\/\/decouverte-sensuelle.ch\/wp-content\/uploads\/2024\/01\/massCO-95-Copier-Copie-1-1536x1024.jpg 1536w, https:\/\/decouverte-sensuelle.ch\/wp-content\/uploads\/2024\/01\/massCO-95-Copier-Copie-1-360x240.jpg 360w, https:\/\/decouverte-sensuelle.ch\/wp-content\/uploads\/2024\/01\/massCO-95-Copier-Copie-1-1320x880.jpg 1320w\" sizes=\"(max-width: 1620px) 100vw, 1620px\" \/><\/a><\/div><div class=\"obfx-grid-col-content\">\t\t\t<h1 class=\"entry-title obfx-grid-title\">\n\t\t\t\t\t\t\t<a href=\"https:\/\/decouverte-sensuelle.ch\/en\/2026\/01\/02\/bonne-annee-2026\/\" title=\"Bonne ann\u00e9e 2026\">\n\t\t\t\t\tBonne ann\u00e9e 2026\t\t\t\t<\/a>\n\t\t\t\t\t\t\t<\/h1>\n\t\t\t\t\t\t\t<div class=\"entry-meta obfx-grid-meta\">\n\n\t\t\t\t\t\t\t\t\t\t\t\t\t<span class=\"obfx-grid-date\">\n\t\t\t\t\t\t\t\t\t<i class=\"fas fa-calendar\"><\/i>02\/01\/2026\t\t\t\t\t\t\t\t<\/span>\n\t\t\t\t\t\t\t\t\n\t\t\t\t<\/div>\n\t\t\t\t<\/div><\/article><\/div><div class=\"obfx-grid-wrapper\"><article class=\"obfx-grid-col\"><div class=\"obfx-grid-col-image\" style=\"\"><a href=\"https:\/\/decouverte-sensuelle.ch\/en\/2025\/12\/23\/noel\/\" title=\"L&#8217;esprit de No\u00ebl\"><img loading=\"lazy\" decoding=\"async\" width=\"800\" height=\"600\" src=\"https:\/\/decouverte-sensuelle.ch\/wp-content\/uploads\/2025\/12\/IMG_6878.jpg\" class=\"img-responsive wp-post-image\" alt=\"IMG_6878\" srcset=\"https:\/\/decouverte-sensuelle.ch\/wp-content\/uploads\/2025\/12\/IMG_6878.jpg 800w, https:\/\/decouverte-sensuelle.ch\/wp-content\/uploads\/2025\/12\/IMG_6878-300x225.jpg 300w, https:\/\/decouverte-sensuelle.ch\/wp-content\/uploads\/2025\/12\/IMG_6878-768x576.jpg 768w, https:\/\/decouverte-sensuelle.ch\/wp-content\/uploads\/2025\/12\/IMG_6878-16x12.jpg 16w\" sizes=\"(max-width: 800px) 100vw, 800px\" \/><\/a><\/div><div class=\"obfx-grid-col-content\">\t\t\t<h1 class=\"entry-title obfx-grid-title\">\n\t\t\t\t\t\t\t<a href=\"https:\/\/decouverte-sensuelle.ch\/en\/2025\/12\/23\/noel\/\" title=\"L&#8217;esprit de No\u00ebl\">\n\t\t\t\t\tL&#8217;esprit de No\u00ebl\t\t\t\t<\/a>\n\t\t\t\t\t\t\t<\/h1>\n\t\t\t\t\t\t\t<div class=\"entry-meta obfx-grid-meta\">\n\n\t\t\t\t\t\t\t\t\t\t\t\t\t<span class=\"obfx-grid-date\">\n\t\t\t\t\t\t\t\t\t<i class=\"fas fa-calendar\"><\/i>23\/12\/2025\t\t\t\t\t\t\t\t<\/span>\n\t\t\t\t\t\t\t\t\n\t\t\t\t<\/div>\n\t\t\t\t<\/div><\/article><\/div><div class=\"obfx-grid-wrapper\"><article class=\"obfx-grid-col\"><div class=\"obfx-grid-col-image\" style=\"\"><a href=\"https:\/\/decouverte-sensuelle.ch\/en\/2025\/11\/25\/lart-erotique-2\/\" title=\"L&#8217;art \u00e9rotique\"><img loading=\"lazy\" decoding=\"async\" width=\"2521\" height=\"1385\" src=\"https:\/\/decouverte-sensuelle.ch\/wp-content\/uploads\/2025\/10\/Act-feminin.jpg\" class=\"img-responsive wp-post-image\" alt=\"Act f\u00e9minin\" srcset=\"https:\/\/decouverte-sensuelle.ch\/wp-content\/uploads\/2025\/10\/Act-feminin.jpg 2521w, https:\/\/decouverte-sensuelle.ch\/wp-content\/uploads\/2025\/10\/Act-feminin-300x165.jpg 300w, https:\/\/decouverte-sensuelle.ch\/wp-content\/uploads\/2025\/10\/Act-feminin-1024x563.jpg 1024w, https:\/\/decouverte-sensuelle.ch\/wp-content\/uploads\/2025\/10\/Act-feminin-768x422.jpg 768w, https:\/\/decouverte-sensuelle.ch\/wp-content\/uploads\/2025\/10\/Act-feminin-1536x844.jpg 1536w, https:\/\/decouverte-sensuelle.ch\/wp-content\/uploads\/2025\/10\/Act-feminin-2048x1125.jpg 2048w, https:\/\/decouverte-sensuelle.ch\/wp-content\/uploads\/2025\/10\/Act-feminin-18x10.jpg 18w, https:\/\/decouverte-sensuelle.ch\/wp-content\/uploads\/2025\/10\/Act-feminin-1320x725.jpg 1320w\" sizes=\"(max-width: 2521px) 100vw, 2521px\" \/><\/a><\/div><div class=\"obfx-grid-col-content\">\t\t\t<h1 class=\"entry-title obfx-grid-title\">\n\t\t\t\t\t\t\t<a href=\"https:\/\/decouverte-sensuelle.ch\/en\/2025\/11\/25\/lart-erotique-2\/\" title=\"L&#8217;art \u00e9rotique\">\n\t\t\t\t\tL&#8217;art \u00e9rotique\t\t\t\t<\/a>\n\t\t\t\t\t\t\t<\/h1>\n\t\t\t\t\t\t\t<div class=\"entry-meta obfx-grid-meta\">\n\n\t\t\t\t\t\t\t\t\t\t\t\t\t<span class=\"obfx-grid-date\">\n\t\t\t\t\t\t\t\t\t<i class=\"fas fa-calendar\"><\/i>25\/11\/2025\t\t\t\t\t\t\t\t<\/span>\n\t\t\t\t\t\t\t\t\n\t\t\t\t<\/div>\n\t\t\t\t<\/div><\/article><\/div><div class=\"obfx-grid-wrapper\"><article class=\"obfx-grid-col\"><div class=\"obfx-grid-col-image\" style=\"\"><a href=\"https:\/\/decouverte-sensuelle.ch\/en\/2024\/01\/31\/etre-soi-meme\/\" title=\"Being yourself\"><img loading=\"lazy\" decoding=\"async\" width=\"300\" height=\"200\" src=\"https:\/\/decouverte-sensuelle.ch\/wp-content\/uploads\/2024\/01\/Sautoriser-a-etre-soi-meme.jpg\" class=\"img-responsive wp-post-image\" alt=\"S\u2019autoriser-\u00e0-\u00eatre-soi-m\u00eame\" \/><\/a><\/div><div class=\"obfx-grid-col-content\">\t\t\t<h1 class=\"entry-title obfx-grid-title\">\n\t\t\t\t\t\t\t<a href=\"https:\/\/decouverte-sensuelle.ch\/en\/2024\/01\/31\/etre-soi-meme\/\" title=\"Being yourself\">\n\t\t\t\t\tBeing yourself\t\t\t\t<\/a>\n\t\t\t\t\t\t\t<\/h1>\n\t\t\t\t\t\t\t<div class=\"entry-meta obfx-grid-meta\">\n\n\t\t\t\t\t\t\t\t\t\t\t\t\t<span class=\"obfx-grid-date\">\n\t\t\t\t\t\t\t\t\t<i class=\"fas fa-calendar\"><\/i>31\/01\/2024\t\t\t\t\t\t\t\t<\/span>\n\t\t\t\t\t\t\t\t\n\t\t\t\t<\/div>\n\t\t\t\t<\/div><\/article><\/div><div class=\"obfx-grid-wrapper\"><article class=\"obfx-grid-col\"><div class=\"obfx-grid-col-image\" style=\"\"><a href=\"https:\/\/decouverte-sensuelle.ch\/en\/2024\/01\/31\/sabandonner\/\" title=\"Surrendering\"><img loading=\"lazy\" decoding=\"async\" width=\"300\" height=\"200\" src=\"https:\/\/decouverte-sensuelle.ch\/wp-content\/uploads\/2024\/01\/Sabandonner.jpg\" class=\"img-responsive wp-post-image\" alt=\"S\u2019abandonner\" \/><\/a><\/div><div class=\"obfx-grid-col-content\">\t\t\t<h1 class=\"entry-title obfx-grid-title\">\n\t\t\t\t\t\t\t<a href=\"https:\/\/decouverte-sensuelle.ch\/en\/2024\/01\/31\/sabandonner\/\" title=\"Surrendering\">\n\t\t\t\t\tSurrendering\t\t\t\t<\/a>\n\t\t\t\t\t\t\t<\/h1>\n\t\t\t\t\t\t\t<div class=\"entry-meta obfx-grid-meta\">\n\n\t\t\t\t\t\t\t\t\t\t\t\t\t<span class=\"obfx-grid-date\">\n\t\t\t\t\t\t\t\t\t<i class=\"fas fa-calendar\"><\/i>31\/01\/2024\t\t\t\t\t\t\t\t<\/span>\n\t\t\t\t\t\t\t\t\n\t\t\t\t<\/div>\n\t\t\t\t<\/div><\/article><\/div><div class=\"obfx-grid-wrapper\"><article class=\"obfx-grid-col\"><div class=\"obfx-grid-col-image\" style=\"\"><a href=\"https:\/\/decouverte-sensuelle.ch\/en\/2024\/01\/31\/la-nudite\/\" title=\"Nudity\"><img loading=\"lazy\" decoding=\"async\" width=\"300\" height=\"200\" src=\"https:\/\/decouverte-sensuelle.ch\/wp-content\/uploads\/2024\/01\/nude.jpg\" class=\"img-responsive wp-post-image\" alt=\"nude\" \/><\/a><\/div><div class=\"obfx-grid-col-content\">\t\t\t<h1 class=\"entry-title obfx-grid-title\">\n\t\t\t\t\t\t\t<a href=\"https:\/\/decouverte-sensuelle.ch\/en\/2024\/01\/31\/la-nudite\/\" title=\"Nudity\">\n\t\t\t\t\tNudity\t\t\t\t<\/a>\n\t\t\t\t\t\t\t<\/h1>\n\t\t\t\t\t\t\t<div class=\"entry-meta obfx-grid-meta\">\n\n\t\t\t\t\t\t\t\t\t\t\t\t\t<span class=\"obfx-grid-date\">\n\t\t\t\t\t\t\t\t\t<i class=\"fas fa-calendar\"><\/i>31\/01\/2024\t\t\t\t\t\t\t\t<\/span>\n\t\t\t\t\t\t\t\t\n\t\t\t\t<\/div>\n\t\t\t\t<\/div><\/article><\/div>\t\t\t\t<div class=\"obfx-grid-pagination\">\n\t\t\t\t\t\t\t\t\t\t<nav class=\"pagination\">\n\t\t\t\t\t\t<span aria-current=\"page\" class=\"page-numbers current\">1<\/span>\n<a class=\"page-numbers\" href=\"https:\/\/decouverte-sensuelle.ch\/en\/wp-json\/wp\/v2\/pages\/1627\/page\/2\/\">2<\/a>\n<a class=\"next page-numbers\" href=\"https:\/\/decouverte-sensuelle.ch\/en\/wp-json\/wp\/v2\/pages\/1627\/page\/2\/\">Next<\/a>\t\t\t\t\t<\/nav>\n\t\t\t\t<\/div>\n\t\t\t\t<\/div><!-- .obfx-grid-container --><\/div><!-- .obfx-grid -->\t\t\t\t<\/div>\n\t\t\t\t<\/div>\n\t\t\t\t\t<\/div>\n\t\t<\/div>\n\t\t\t\t\t<\/div>\n\t\t<\/section>\n\t\t\t\t\t<\/div>\n\t\t<\/div>\n\t\t\t\t\t<\/div>\n\t\t<\/section>\n\t\t\t\t<\/div>","protected":false},"excerpt":{"rendered":"<p>Suivez toutes les actualit\u00e9s du centre de massage La D\u00e9couverte Sensuelle La Saint Valentin 05\/02\/2026 En hiver 13\/01\/2026 Bonne ann\u00e9e 2026 02\/01\/2026 L&#8217;esprit de No\u00ebl 23\/12\/2025 L&#8217;art \u00e9rotique 25\/11\/2025 Etre soi-m\u00eame 31\/01\/2024 S\u2019abandonner 31\/01\/2024 La nudit\u00e9 31\/01\/2024 Les \u00e9motions 31\/01\/2024 1 2 Next<\/p>","protected":false},"author":27,"featured_media":0,"parent":0,"menu_order":0,"comment_status":"closed","ping_status":"closed","template":"","meta":{"_acf_changed":false,"_glsr_average":0,"_glsr_ranking":0,"_glsr_reviews":0,"footnotes":""},"class_list":["post-1627","page","type-page","status-publish","hentry"],"acf":[],"aioseo_notices":[],"_links":{"self":[{"href":"https:\/\/decouverte-sensuelle.ch\/en\/wp-json\/wp\/v2\/pages\/1627","targetHints":{"allow":["GET"]}}],"collection":[{"href":"https:\/\/decouverte-sensuelle.ch\/en\/wp-json\/wp\/v2\/pages"}],"about":[{"href":"https:\/\/decouverte-sensuelle.ch\/en\/wp-json\/wp\/v2\/types\/page"}],"author":[{"embeddable":true,"href":"https:\/\/decouverte-sensuelle.ch\/en\/wp-json\/wp\/v2\/users\/27"}],"replies":[{"embeddable":true,"href":"https:\/\/decouverte-sensuelle.ch\/en\/wp-json\/wp\/v2\/comments?post=1627"}],"version-history":[{"count":35,"href":"https:\/\/decouverte-sensuelle.ch\/en\/wp-json\/wp\/v2\/pages\/1627\/revisions"}],"predecessor-version":[{"id":7533,"href":"https:\/\/decouverte-sensuelle.ch\/en\/wp-json\/wp\/v2\/pages\/1627\/revisions\/7533"}],"wp:attachment":[{"href":"https:\/\/decouverte-sensuelle.ch\/en\/wp-json\/wp\/v2\/media?parent=1627"}],"curies":[{"name":"wp","href":"https:\/\/api.w.org\/{rel}","templated":true}]}}