{"id":3657,"date":"2024-04-04T13:43:12","date_gmt":"2024-04-04T11:43:12","guid":{"rendered":"https:\/\/decouverte-sensuelle.ch\/?page_id=3657"},"modified":"2026-01-02T11:17:49","modified_gmt":"2026-01-02T10:17:49","slug":"nos-massages-tantriques-pour-couples","status":"publish","type":"page","link":"https:\/\/decouverte-sensuelle.ch\/en\/nos-massages-tantriques-pour-couples\/","title":{"rendered":"Our tantric massages for couples"},"content":{"rendered":"<div data-elementor-type=\"wp-page\" data-elementor-id=\"3657\" class=\"elementor elementor-3657\" data-elementor-post-type=\"page\">\n\t\t\t\t\t\t<section class=\"elementor-section elementor-top-section elementor-element elementor-element-ff7716f elementor-section-stretched elementor-section-boxed elementor-section-height-default elementor-section-height-default\" data-id=\"ff7716f\" data-element_type=\"section\" data-e-type=\"section\" data-settings=\"{&quot;stretch_section&quot;:&quot;section-stretched&quot;,&quot;background_background&quot;:&quot;classic&quot;}\">\n\t\t\t\t\t\t<div class=\"elementor-container elementor-column-gap-default\">\n\t\t\t\t\t<div class=\"elementor-column elementor-col-100 elementor-top-column elementor-element elementor-element-c6453ac\" data-id=\"c6453ac\" data-element_type=\"column\" data-e-type=\"column\">\n\t\t\t<div class=\"elementor-widget-wrap elementor-element-populated\">\n\t\t\t\t\t\t<div class=\"elementor-element elementor-element-5c5970c elementor-align-left elementor-widget elementor-widget-button\" data-id=\"5c5970c\" data-element_type=\"widget\" data-e-type=\"widget\" data-widget_type=\"button.default\">\n\t\t\t\t<div class=\"elementor-widget-container\">\n\t\t\t\t\t\t\t\t\t<div class=\"elementor-button-wrapper\">\n\t\t\t\t\t<a class=\"elementor-button elementor-button-link elementor-size-md elementor-animation-bob\" href=\"https:\/\/decouverte-sensuelle.ch\/en\/nos-massages\/\">\n\t\t\t\t\t\t<span class=\"elementor-button-content-wrapper\">\n\t\t\t\t\t\t<span class=\"elementor-button-icon\">\n\t\t\t\t<i aria-hidden=\"true\" class=\"fas fa-angle-double-left\"><\/i>\t\t\t<\/span>\n\t\t\t\t\t\t\t\t\t<span class=\"elementor-button-text\">Back to<\/span>\n\t\t\t\t\t<\/span>\n\t\t\t\t\t<\/a>\n\t\t\t\t<\/div>\n\t\t\t\t\t\t\t\t<\/div>\n\t\t\t\t<\/div>\n\t\t\t\t<div class=\"elementor-element elementor-element-4424461 elementor-widget elementor-widget-theme-post-title elementor-page-title elementor-widget-heading\" data-id=\"4424461\" data-element_type=\"widget\" data-e-type=\"widget\" data-widget_type=\"theme-post-title.default\">\n\t\t\t\t<div class=\"elementor-widget-container\">\n\t\t\t\t\t<h1 class=\"elementor-heading-title elementor-size-default\">Our tantric massages for couples<\/h1>\t\t\t\t<\/div>\n\t\t\t\t<\/div>\n\t\t\t\t<div class=\"elementor-element elementor-element-0896b06 elementor-widget elementor-widget-text-editor\" data-id=\"0896b06\" data-element_type=\"widget\" data-e-type=\"widget\" data-widget_type=\"text-editor.default\">\n\t\t\t\t<div class=\"elementor-widget-container\">\n\t\t\t\t\t\t\t\t\t<p>Pour bien d\u00e9marrer votre ann\u00e9e en couple nous vous proposons un tarif sp\u00e9cial avec un rabais de 10% pour chaque massage couple&nbsp; pris entre le 6 et le 12 Janvier<\/p>\t\t\t\t\t\t\t\t<\/div>\n\t\t\t\t<\/div>\n\t\t\t\t\t<\/div>\n\t\t<\/div>\n\t\t\t\t\t<\/div>\n\t\t<\/section>\n\t\t\t\t<section class=\"elementor-section elementor-top-section elementor-element elementor-element-c159325 elementor-section-stretched elementor-section-content-middle elementor-section-boxed elementor-section-height-default elementor-section-height-default\" data-id=\"c159325\" data-element_type=\"section\" data-e-type=\"section\" data-settings=\"{&quot;stretch_section&quot;:&quot;section-stretched&quot;,&quot;background_background&quot;:&quot;classic&quot;}\">\n\t\t\t\t\t\t<div class=\"elementor-container elementor-column-gap-default\">\n\t\t\t\t\t<div class=\"elementor-column elementor-col-100 elementor-top-column elementor-element elementor-element-65f05e6\" data-id=\"65f05e6\" data-element_type=\"column\" data-e-type=\"column\">\n\t\t\t<div class=\"elementor-widget-wrap elementor-element-populated\">\n\t\t\t\t\t\t<div class=\"elementor-element elementor-element-b196ec2 elementor-widget elementor-widget-heading\" data-id=\"b196ec2\" data-element_type=\"widget\" data-e-type=\"widget\" data-widget_type=\"heading.default\">\n\t\t\t\t<div class=\"elementor-widget-container\">\n\t\t\t\t\t<h2 class=\"elementor-heading-title elementor-size-default\">Tantric massage<\/h2>\t\t\t\t<\/div>\n\t\t\t\t<\/div>\n\t\t\t\t<div class=\"elementor-element elementor-element-6a4e497 elementor-widget elementor-widget-text-editor\" data-id=\"6a4e497\" data-element_type=\"widget\" data-e-type=\"widget\" data-widget_type=\"text-editor.default\">\n\t\t\t\t<div class=\"elementor-widget-container\">\n\t\t\t\t\t\t\t\t\t<p>Vous avez envie de d\u00e9couvrir une nouvelle facette de votre sexualit\u00e9 en couple ? Optez pour une s\u00e9ance de massage tantrique en couple. Le massage tantrique offre une nouvelle forme d\u2019exploration et de complicit\u00e9 aux amants. Vous apprenez \u00e0 d\u00e9couvrir votre corps et celui de l\u2019autre, en toute douceur, sensualit\u00e9 et \u00e9rotisme.<\/p><p>Le massage tantrique est un modelage entier du corps qui implique de larges mouvements doux, profonds, sensuels et vari\u00e9s. De la t\u00eate aux pieds, en passant par les zones \u00e9rog\u00e8nes et les parties g\u00e9nitales, tout le corps est pris en compte afin de faire circuler l\u2019\u00e9nergie vitale et sexuelle et stimuler les 7 chakras principaux. <br \/><br \/>R\u00e9alis\u00e9 en couple, ce genre de massage permet de cr\u00e9er un lien unique de confiance mutuelle et de passion et d\u2019offrir une toute nouvelle dimension \u00e0 vos relations sexuelles. Il est important de se reconnecter \u00e0 soi et \u00e0 l\u2019autre, et \u00e0 une dimension sup\u00e9rieure, ce que vous offre le massage tantrique.<\/p>\t\t\t\t\t\t\t\t<\/div>\n\t\t\t\t<\/div>\n\t\t\t\t\t<\/div>\n\t\t<\/div>\n\t\t\t\t\t<\/div>\n\t\t<\/section>\n\t\t\t\t<section class=\"elementor-section elementor-top-section elementor-element elementor-element-41db172 elementor-section-stretched elementor-section-content-middle elementor-section-boxed elementor-section-height-default elementor-section-height-default\" data-id=\"41db172\" data-element_type=\"section\" data-e-type=\"section\" data-settings=\"{&quot;stretch_section&quot;:&quot;section-stretched&quot;,&quot;background_background&quot;:&quot;classic&quot;}\">\n\t\t\t\t\t\t<div class=\"elementor-container elementor-column-gap-default\">\n\t\t\t\t\t<div class=\"elementor-column elementor-col-100 elementor-top-column elementor-element elementor-element-fddf0c0\" data-id=\"fddf0c0\" data-element_type=\"column\" data-e-type=\"column\">\n\t\t\t<div class=\"elementor-widget-wrap elementor-element-populated\">\n\t\t\t\t\t\t<div class=\"elementor-element elementor-element-fdbdb08 elementor-widget elementor-widget-heading\" data-id=\"fdbdb08\" data-element_type=\"widget\" data-e-type=\"widget\" data-widget_type=\"heading.default\">\n\t\t\t\t<div class=\"elementor-widget-container\">\n\t\t\t\t\t<h2 class=\"elementor-heading-title elementor-size-default\">Four-way sessions<\/h2>\t\t\t\t<\/div>\n\t\t\t\t<\/div>\n\t\t\t\t<div class=\"elementor-element elementor-element-a19b134 elementor-widget elementor-widget-text-editor\" data-id=\"a19b134\" data-element_type=\"widget\" data-e-type=\"widget\" data-widget_type=\"text-editor.default\">\n\t\t\t\t<div class=\"elementor-widget-container\">\n\t\t\t\t\t\t\t\t\t<p><span role=\"presentation\" dir=\"ltr\">Eveillez vos sens en duo et d\u00e9couvrez cette pratique unique, qui m\u00eale spiritualit\u00e9, bien-\u00eatre, \u00e9rotisme et d\u00e9tente. Chacun de vous aura le plaisir de recevoir un massage, soit dans la m\u00eame salle, un \u00e0 c\u00f4t\u00e9 de <\/span><span role=\"presentation\" dir=\"ltr\">the other, or in two different rooms. It's up to you. Either way, we'll <\/span><span role=\"presentation\" dir=\"ltr\">We'd love to meet you and find out what you're doing together.<\/span><br role=\"presentation\" \/><span role=\"presentation\" dir=\"ltr\">Classical Tantra 90 minutes - CHF 600<\/span><br role=\"presentation\" \/><span role=\"presentation\" dir=\"ltr\">Tantra De Luxe 120 minutes - CHF 760<\/span><\/p>\t\t\t\t\t\t\t\t<\/div>\n\t\t\t\t<\/div>\n\t\t\t\t<div class=\"elementor-element elementor-element-ccbc4b2 elementor-widget elementor-widget-heading\" data-id=\"ccbc4b2\" data-element_type=\"widget\" data-e-type=\"widget\" data-widget_type=\"heading.default\">\n\t\t\t\t<div class=\"elementor-widget-container\">\n\t\t\t\t\t<h2 class=\"elementor-heading-title elementor-size-default\">Tantra for three<\/h2>\t\t\t\t<\/div>\n\t\t\t\t<\/div>\n\t\t\t\t<div class=\"elementor-element elementor-element-7d63fe2 elementor-widget elementor-widget-text-editor\" data-id=\"7d63fe2\" data-element_type=\"widget\" data-e-type=\"widget\" data-widget_type=\"text-editor.default\">\n\t\t\t\t<div class=\"elementor-widget-container\">\n\t\t\t\t\t\t\t\t\t<p>A La D\u00e9couverte Sensuelle nous vous proposons le Tantra \u00e0 trois\u00a0: En effet, vous pouvez demander l\u2019assistance d\u2019un masseur ou d\u2019une masseuse, qui vous montrera respectivement, les gestes \u00e0 effectuer sur votre conjoint ou conjointe et le\/la massera avec vous, pour une exp\u00e9rience unique \u00e0 4 mains. Vous pouvez avoir confiance en cette tierce personne qui veillera \u00e0 nouer un lien de confiance et de bonne entente avec vous.<\/p><p>Elle prendra soin de vous en tant que couple et individu, elle vous guide et il sera facile de la suivre. Le plaisir et dans le deux r\u00f4les, que vous massez ou que vous soyez mass\u00e9, il y aura le plaisir que vous vous procurez mutuellement, et en plus cette s\u00e9ance vous apprendra beaucoup, sur le massage et sur vous-m\u00eame. Nous voulons vous inspirer, vous rapprocher et vous transmettre une nouvelle dimension dans votre couple.<br \/>Allow plenty of time, adding an extra hour to the massage time, for a warm and relaxed welcome.<\/p><p>Classic Tantra for three - 90 minutes massage plus time to explain beforehand - 400 chf<\/p><p>Tantra de luxe for three 120-minute massage plus time for explanation beforehand - 500 chf<\/p>\t\t\t\t\t\t\t\t<\/div>\n\t\t\t\t<\/div>\n\t\t\t\t<div class=\"elementor-element elementor-element-0b42129 elementor-widget elementor-widget-heading\" data-id=\"0b42129\" data-element_type=\"widget\" data-e-type=\"widget\" data-widget_type=\"heading.default\">\n\t\t\t\t<div class=\"elementor-widget-container\">\n\t\t\t\t\t<h2 class=\"elementor-heading-title elementor-size-default\">FAQ<\/h2>\t\t\t\t<\/div>\n\t\t\t\t<\/div>\n\t\t\t\t<div class=\"elementor-element elementor-element-6483d06 elementor-widget elementor-widget-accordion\" data-id=\"6483d06\" data-element_type=\"widget\" data-e-type=\"widget\" data-widget_type=\"accordion.default\">\n\t\t\t\t<div class=\"elementor-widget-container\">\n\t\t\t\t\t\t\t<div class=\"elementor-accordion\">\n\t\t\t\t\t\t\t<div class=\"elementor-accordion-item\">\n\t\t\t\t\t<div id=\"elementor-tab-title-1051\" class=\"elementor-tab-title\" data-tab=\"1\" role=\"button\" aria-controls=\"elementor-tab-content-1051\" aria-expanded=\"false\">\n\t\t\t\t\t\t\t\t\t\t\t\t\t<span class=\"elementor-accordion-icon elementor-accordion-icon-left\" aria-hidden=\"true\">\n\t\t\t\t\t\t\t\t\t\t\t\t\t\t\t<span class=\"elementor-accordion-icon-closed\"><i class=\"fas fa-plus\"><\/i><\/span>\n\t\t\t\t\t\t\t\t<span class=\"elementor-accordion-icon-opened\"><i class=\"fas fa-minus\"><\/i><\/span>\n\t\t\t\t\t\t\t\t\t\t\t\t\t\t<\/span>\n\t\t\t\t\t\t\t\t\t\t\t\t<a class=\"elementor-accordion-title\" tabindex=\"0\">Quels sont les bienfaits d'un massage pour couples?<\/a>\n\t\t\t\t\t<\/div>\n\t\t\t\t\t<div id=\"elementor-tab-content-1051\" class=\"elementor-tab-content elementor-clearfix\" data-tab=\"1\" role=\"region\" aria-labelledby=\"elementor-tab-title-1051\"><p>Cette exp\u00e9rience partag\u00e9e peut augmenter votre complicit\u00e9 et souder votre couple. Elle nourrit la curiosit\u00e9 de vous d\u00e9couvfir dans un cadre exceptionnel. Elle peut vous apprendre \u00e0 vous offrir mutuellement des moments de d\u00e9tente et de tendresse par un massage ou \u00eatre tout simplement un instant de plaisir partag\u00e9.<\/p><\/div>\n\t\t\t\t<\/div>\n\t\t\t\t\t\t\t<div class=\"elementor-accordion-item\">\n\t\t\t\t\t<div id=\"elementor-tab-title-1052\" class=\"elementor-tab-title\" data-tab=\"2\" role=\"button\" aria-controls=\"elementor-tab-content-1052\" aria-expanded=\"false\">\n\t\t\t\t\t\t\t\t\t\t\t\t\t<span class=\"elementor-accordion-icon elementor-accordion-icon-left\" aria-hidden=\"true\">\n\t\t\t\t\t\t\t\t\t\t\t\t\t\t\t<span class=\"elementor-accordion-icon-closed\"><i class=\"fas fa-plus\"><\/i><\/span>\n\t\t\t\t\t\t\t\t<span class=\"elementor-accordion-icon-opened\"><i class=\"fas fa-minus\"><\/i><\/span>\n\t\t\t\t\t\t\t\t\t\t\t\t\t\t<\/span>\n\t\t\t\t\t\t\t\t\t\t\t\t<a class=\"elementor-accordion-title\" tabindex=\"0\">Quelle s\u00e9ance choisir?<\/a>\n\t\t\t\t\t<\/div>\n\t\t\t\t\t<div id=\"elementor-tab-content-1052\" class=\"elementor-tab-content elementor-clearfix\" data-tab=\"2\" role=\"region\" aria-labelledby=\"elementor-tab-title-1052\"><p>Vous appr\u00e9ciez de vous faire masser un \u00e0 c\u00f4t\u00e9 de l&#8217;autre, avoir la possibilit\u00e9 de vous regarder et peut-\u00eatre vous tenir la main, sentant le plaisir du partenaire en m\u00eame temps que le v\u00f4tre? &#8211; Optez pour la s\u00e9ance Tantra \u00e0 4 dans la m\u00eame salle.<\/p><p>Vous souhaitez vous recentrer sur vous m\u00eame sans \u00eatre distrait par des reactions de votre partenaire, pour pouvoir partager votre exp\u00e9rience par la suite? &#8211; Optez pour la s\u00e9ance tantra \u00e0 4 dans deux salles diff\u00e9rentes.\u00a0<\/p><p>Vous avez envie d&#8217;une approche p\u00e9dagogique, une initiiation au massage sensuel entre vous deux? D&#8217;apprendre en pratiquant? &#8211; Optez pour la s\u00e9ance \u00e0 trois ou inscrivez-vous au prochain stage couple.<\/p><\/div>\n\t\t\t\t<\/div>\n\t\t\t\t\t\t\t<div class=\"elementor-accordion-item\">\n\t\t\t\t\t<div id=\"elementor-tab-title-1053\" class=\"elementor-tab-title\" data-tab=\"3\" role=\"button\" aria-controls=\"elementor-tab-content-1053\" aria-expanded=\"false\">\n\t\t\t\t\t\t\t\t\t\t\t\t\t<span class=\"elementor-accordion-icon elementor-accordion-icon-left\" aria-hidden=\"true\">\n\t\t\t\t\t\t\t\t\t\t\t\t\t\t\t<span class=\"elementor-accordion-icon-closed\"><i class=\"fas fa-plus\"><\/i><\/span>\n\t\t\t\t\t\t\t\t<span class=\"elementor-accordion-icon-opened\"><i class=\"fas fa-minus\"><\/i><\/span>\n\t\t\t\t\t\t\t\t\t\t\t\t\t\t<\/span>\n\t\t\t\t\t\t\t\t\t\t\t\t<a class=\"elementor-accordion-title\" tabindex=\"0\">Quand aura lieu le prochain stage pour couples?<\/a>\n\t\t\t\t\t<\/div>\n\t\t\t\t\t<div id=\"elementor-tab-content-1053\" class=\"elementor-tab-content elementor-clearfix\" data-tab=\"3\" role=\"region\" aria-labelledby=\"elementor-tab-title-1053\"><p>Vous trouverez les informations sur le prochain stage couple au lien suivant\u00a0<\/p><p>\u00a0<a href=\"https:\/\/decouverte-sensuelle.ch\/en\/nos-stages\/\">https:\/\/decouverte-sensuelle.ch\/nos-stages\/<\/a><\/p><\/div>\n\t\t\t\t<\/div>\n\t\t\t\t\t\t\t<div class=\"elementor-accordion-item\">\n\t\t\t\t\t<div id=\"elementor-tab-title-1054\" class=\"elementor-tab-title\" data-tab=\"4\" role=\"button\" aria-controls=\"elementor-tab-content-1054\" aria-expanded=\"false\">\n\t\t\t\t\t\t\t\t\t\t\t\t\t<span class=\"elementor-accordion-icon elementor-accordion-icon-left\" aria-hidden=\"true\">\n\t\t\t\t\t\t\t\t\t\t\t\t\t\t\t<span class=\"elementor-accordion-icon-closed\"><i class=\"fas fa-plus\"><\/i><\/span>\n\t\t\t\t\t\t\t\t<span class=\"elementor-accordion-icon-opened\"><i class=\"fas fa-minus\"><\/i><\/span>\n\t\t\t\t\t\t\t\t\t\t\t\t\t\t<\/span>\n\t\t\t\t\t\t\t\t\t\t\t\t<a class=\"elementor-accordion-title\" tabindex=\"0\">Comment convaincre mon partenaire de venir pour un d\u00e9marche ensemble?<\/a>\n\t\t\t\t\t<\/div>\n\t\t\t\t\t<div id=\"elementor-tab-content-1054\" class=\"elementor-tab-content elementor-clearfix\" data-tab=\"4\" role=\"region\" aria-labelledby=\"elementor-tab-title-1054\"><p><strong>Il sera n\u00e9cessaire que vous vous sentiez suffisamment stables et \u00e0 l\u2019aise avec votre corps et votre partenaire pour pouvoir pleinement en profiter. Que les deux partagent l&#8217;envie de venir. Si vous avez des doutes ou des appr\u00e9hensions, nous vous proposons d&#8217;en parler lors d&#8217;un appel t\u00e9l\u00e9phonique pr\u00e9alable.\u00a0<\/strong><\/p><\/div>\n\t\t\t\t<\/div>\n\t\t\t\t\t\t\t\t<\/div>\n\t\t\t\t\t\t<\/div>\n\t\t\t\t<\/div>\n\t\t\t\t<div class=\"elementor-element elementor-element-3cd7dd1 elementor-widget elementor-widget-heading\" data-id=\"3cd7dd1\" data-element_type=\"widget\" data-e-type=\"widget\" data-widget_type=\"heading.default\">\n\t\t\t\t<div class=\"elementor-widget-container\">\n\t\t\t\t\t<h2 class=\"elementor-heading-title elementor-size-default\">Testimonials<\/h2>\t\t\t\t<\/div>\n\t\t\t\t<\/div>\n\t\t\t\t<div class=\"elementor-element elementor-element-ed2fa35 elementor-widget elementor-widget-text-editor\" data-id=\"ed2fa35\" data-element_type=\"widget\" data-e-type=\"widget\" data-widget_type=\"text-editor.default\">\n\t\t\t\t<div class=\"elementor-widget-container\">\n\t\t\t\t\t\t\t\t\t<p>Giancarlo nous a accompagne dans un massage couple. Par sa gentillesse, sa pr\u00e9venance et son humeur positive, nous avons pu profiter d\u2019un grand moment de complicit\u00e9 dans les meilleures conditions. Giancarlo excelle dans son art, et partage son savoir faire avec simplicit\u00e9 et douceur. Assur\u00e9ment un excellent massage, dans un cadre bienveillant et compr\u00e9hensif. Giancarlo, nous te remercions chaleureusement pour ce massage hors du temps et n\u2019h\u00e9siterons pas \u00e0 revenir.<\/p><p>A. et C.<\/p>\t\t\t\t\t\t\t\t<\/div>\n\t\t\t\t<\/div>\n\t\t\t\t<div class=\"elementor-element elementor-element-bd3b14b elementor-widget elementor-widget-text-editor\" data-id=\"bd3b14b\" data-element_type=\"widget\" data-e-type=\"widget\" data-widget_type=\"text-editor.default\">\n\t\t\t\t<div class=\"elementor-widget-container\">\n\t\t\t\t\t\t\t\t\t<p>Dear Dorothea<br \/>Je tiens \u00e0 exprimer l&#8217;immense plaisir que nous avons eu hier \u00e0 La D\u00e9couverte Sensuelle. Il n&#8217;est jamais trop tard pour bien faire! Dora a \u00e9t\u00e9 boulvers\u00e9e et envahie de bien-\u00eatre par le contact naturel que tu d\u00e9gages, que ce soit par la complicit\u00e9 physique ou mentale.<br \/>Merci milles fois.<\/p><p><\/p><p>Dora &amp; Francis<\/p>\t\t\t\t\t\t\t\t<\/div>\n\t\t\t\t<\/div>\n\t\t\t\t\t<\/div>\n\t\t<\/div>\n\t\t\t\t\t<\/div>\n\t\t<\/section>\n\t\t\t\t<\/div>","protected":false},"excerpt":{"rendered":"<p>Retour Pour bien d\u00e9marrer votre ann\u00e9e en couple nous vous proposons un tarif sp\u00e9cial avec un rabais de 10% pour chaque massage couple&nbsp; pris entre le 6 et le 12 Janvier Le massage tantrique Vous avez envie de d\u00e9couvrir une nouvelle facette de votre sexualit\u00e9 en couple ? Optez pour [&hellip;]<\/p>\n","protected":false},"author":30,"featured_media":0,"parent":0,"menu_order":0,"comment_status":"closed","ping_status":"closed","template":"page-templates\/template-pagebuilder-full-width.php","meta":{"_acf_changed":false,"_glsr_average":0,"_glsr_ranking":0,"_glsr_reviews":0,"footnotes":""},"class_list":["post-3657","page","type-page","status-publish","hentry"],"acf":[],"aioseo_notices":[],"_links":{"self":[{"href":"https:\/\/decouverte-sensuelle.ch\/en\/wp-json\/wp\/v2\/pages\/3657","targetHints":{"allow":["GET"]}}],"collection":[{"href":"https:\/\/decouverte-sensuelle.ch\/en\/wp-json\/wp\/v2\/pages"}],"about":[{"href":"https:\/\/decouverte-sensuelle.ch\/en\/wp-json\/wp\/v2\/types\/page"}],"author":[{"embeddable":true,"href":"https:\/\/decouverte-sensuelle.ch\/en\/wp-json\/wp\/v2\/users\/30"}],"replies":[{"embeddable":true,"href":"https:\/\/decouverte-sensuelle.ch\/en\/wp-json\/wp\/v2\/comments?post=3657"}],"version-history":[{"count":74,"href":"https:\/\/decouverte-sensuelle.ch\/en\/wp-json\/wp\/v2\/pages\/3657\/revisions"}],"predecessor-version":[{"id":7139,"href":"https:\/\/decouverte-sensuelle.ch\/en\/wp-json\/wp\/v2\/pages\/3657\/revisions\/7139"}],"wp:attachment":[{"href":"https:\/\/decouverte-sensuelle.ch\/en\/wp-json\/wp\/v2\/media?parent=3657"}],"curies":[{"name":"wp","href":"https:\/\/api.w.org\/{rel}","templated":true}]}}